{"id":29,"date":"2022-05-17T18:54:26","date_gmt":"2022-05-17T18:54:26","guid":{"rendered":"http:\/\/salinsolutions.mx\/irau\/?page_id=29"},"modified":"2024-07-25T01:31:46","modified_gmt":"2024-07-25T01:31:46","slug":"quienes-somos","status":"publish","type":"page","link":"https:\/\/salinsolutions.mx\/irau\/quienes-somos\/","title":{"rendered":"\u00bfQui\u00e9nes somos?"},"content":{"rendered":"\n<h2 class=\"wp-block-heading\">Somos una uni\u00f3n de fuerzas que quieren ayudar a la gente con su proceso al equilibrio energ\u00e9tico.<\/h2>\n\n\n\n<p class=\"has-medium-font-size\">Queremos poner al alcance de tus sentidos, toda la informaci\u00f3n necesaria para empezar el camino hacia la salud de tu mente, cuerpo y alma.<\/p>\n\n\n\n<p class=\"has-medium-font-size\">No cierres la mente y el coraz\u00f3n a este proceso y disfruta de los beneficios que tenemos al ser seres de luz.<\/p>\n\n\n\n<figure class=\"wp-block-image size-full is-style-default\" style=\"border-radius:27px\"><img loading=\"lazy\" decoding=\"async\" width=\"940\" height=\"788\" src=\"http:\/\/salinsolutions.mx\/irau\/wp-content\/uploads\/2022\/05\/Queremos-ayudarte.png\" alt=\"\" class=\"wp-image-30\" srcset=\"https:\/\/salinsolutions.mx\/irau\/wp-content\/uploads\/2022\/05\/Queremos-ayudarte.png 940w, https:\/\/salinsolutions.mx\/irau\/wp-content\/uploads\/2022\/05\/Queremos-ayudarte-600x503.png 600w, https:\/\/salinsolutions.mx\/irau\/wp-content\/uploads\/2022\/05\/Queremos-ayudarte-300x251.png 300w, https:\/\/salinsolutions.mx\/irau\/wp-content\/uploads\/2022\/05\/Queremos-ayudarte-768x644.png 768w\" sizes=\"auto, (max-width: 940px) 100vw, 940px\" \/><\/figure>\n","protected":false},"excerpt":{"rendered":"<p>Somos una uni\u00f3n de fuerzas que quieren ayudar a la gente con su proceso al equilibrio energ\u00e9tico. Queremos poner al alcance de tus sentidos, toda la informaci\u00f3n necesaria para empezar el camino hacia la salud&hellip;<\/p>\n","protected":false},"author":2,"featured_media":0,"parent":0,"menu_order":0,"comment_status":"closed","ping_status":"closed","template":"","meta":{"footnotes":""},"class_list":["post-29","page","type-page","status-publish","hentry"],"_links":{"self":[{"href":"https:\/\/salinsolutions.mx\/irau\/wp-json\/wp\/v2\/pages\/29","targetHints":{"allow":["GET"]}}],"collection":[{"href":"https:\/\/salinsolutions.mx\/irau\/wp-json\/wp\/v2\/pages"}],"about":[{"href":"https:\/\/salinsolutions.mx\/irau\/wp-json\/wp\/v2\/types\/page"}],"author":[{"embeddable":true,"href":"https:\/\/salinsolutions.mx\/irau\/wp-json\/wp\/v2\/users\/2"}],"replies":[{"embeddable":true,"href":"https:\/\/salinsolutions.mx\/irau\/wp-json\/wp\/v2\/comments?post=29"}],"version-history":[{"count":3,"href":"https:\/\/salinsolutions.mx\/irau\/wp-json\/wp\/v2\/pages\/29\/revisions"}],"predecessor-version":[{"id":159,"href":"https:\/\/salinsolutions.mx\/irau\/wp-json\/wp\/v2\/pages\/29\/revisions\/159"}],"wp:attachment":[{"href":"https:\/\/salinsolutions.mx\/irau\/wp-json\/wp\/v2\/media?parent=29"}],"curies":[{"name":"wp","href":"https:\/\/api.w.org\/{rel}","templated":true}]}}