{"id":45,"date":"2022-05-17T19:21:45","date_gmt":"2022-05-17T19:21:45","guid":{"rendered":"http:\/\/salinsolutions.mx\/irau\/?page_id=45"},"modified":"2022-06-10T23:12:54","modified_gmt":"2022-06-10T23:12:54","slug":"el-blog","status":"publish","type":"page","link":"https:\/\/salinsolutions.mx\/irau\/el-blog\/","title":{"rendered":"El Blog"},"content":{"rendered":"\n<div class=\"wp-block-cover is-light\"><span aria-hidden=\"true\" class=\"wp-block-cover__background has-pale-cyan-blue-background-color has-background-dim-100 has-background-dim\"><\/span><div class=\"wp-block-cover__inner-container is-layout-flow wp-block-cover-is-layout-flow\">\n<p class=\"has-text-align-center has-large-font-size\">A limpiar tus cuarzos y tus amuletos<\/p>\n\n\n\n<p><\/p>\n\n\n\n<p>Como comentamos en el post de ayer sobre el hermoso eclipse lunar que nos visita hoy, debemos aprovechar para limpiar nuestros cuarzos y amuletos, a continuaci\u00f3n te diremos como.<\/p>\n\n\n\n<p>Los cuarzos tienen la capacidad de absorber energ\u00eda negativa ya sea externa o propia, por lo que es necesario limpiarlos para que no corran el riesgo de romperse o mancharse con tanta carga, la manera de hacerlo es muy sencilla:<\/p>\n\n\n\n<p>Coloca tus cuarzos en un recipiente con suficiente agua de tal manera que los cubra perfectamente, posteriormente agrega 1\/4 de taza de sal de mar o sal rosa del Himalaya y por \u00faltimo ponlos a la luz de la Luna llena.<\/p>\n\n\n\n<p>Al d\u00eda siguiente ret\u00edralos antes de que les pegue la luz del sol, enjuagarlos con agua corriente y listo.<\/p>\n\n\n\n<figure class=\"wp-block-image size-large\"><img loading=\"lazy\" decoding=\"async\" width=\"1024\" height=\"1024\" src=\"http:\/\/salinsolutions.mx\/irau\/wp-content\/uploads\/2022\/06\/Post-de-Instagram-Eclipse-Lunar-moderno-y-elegante-1024x1024.png\" alt=\"\" class=\"wp-image-95\" srcset=\"https:\/\/salinsolutions.mx\/irau\/wp-content\/uploads\/2022\/06\/Post-de-Instagram-Eclipse-Lunar-moderno-y-elegante-1024x1024.png 1024w, https:\/\/salinsolutions.mx\/irau\/wp-content\/uploads\/2022\/06\/Post-de-Instagram-Eclipse-Lunar-moderno-y-elegante-300x300.png 300w, https:\/\/salinsolutions.mx\/irau\/wp-content\/uploads\/2022\/06\/Post-de-Instagram-Eclipse-Lunar-moderno-y-elegante-100x100.png 100w, https:\/\/salinsolutions.mx\/irau\/wp-content\/uploads\/2022\/06\/Post-de-Instagram-Eclipse-Lunar-moderno-y-elegante-600x600.png 600w, https:\/\/salinsolutions.mx\/irau\/wp-content\/uploads\/2022\/06\/Post-de-Instagram-Eclipse-Lunar-moderno-y-elegante-150x150.png 150w, https:\/\/salinsolutions.mx\/irau\/wp-content\/uploads\/2022\/06\/Post-de-Instagram-Eclipse-Lunar-moderno-y-elegante-768x768.png 768w, https:\/\/salinsolutions.mx\/irau\/wp-content\/uploads\/2022\/06\/Post-de-Instagram-Eclipse-Lunar-moderno-y-elegante-500x500.png 500w, https:\/\/salinsolutions.mx\/irau\/wp-content\/uploads\/2022\/06\/Post-de-Instagram-Eclipse-Lunar-moderno-y-elegante.png 1080w\" sizes=\"auto, (max-width: 1024px) 100vw, 1024px\" \/><\/figure>\n<\/div><\/div>\n\n\n\n<div class=\"wp-block-cover is-light\"><span aria-hidden=\"true\" class=\"wp-block-cover__background has-pale-pink-background-color has-background-dim-100 has-background-dim\"><\/span><div class=\"wp-block-cover__inner-container is-layout-flow wp-block-cover-is-layout-flow\">\n<p class=\"has-text-align-center has-large-font-size\">Mantras<\/p>\n\n\n\n<p>Mantra es una palabra de origen s\u00e1nscrito compuesta de los vocablos: &#8220;Man&#8221; = mente y &#8220;Tra&#8221; = Liberaci\u00f3n.<\/p>\n\n\n\n<p>Es un medio ideal dentro de la meditaci\u00f3n para calmar la mente y lograr mayor concentraci\u00f3n.<\/p>\n\n\n\n<p>Los Mantras combinan palabras y sonidos sagrados que nos ayudan a alcanzar y atraer vibraciones de elevada frecuencia.<\/p>\n\n\n\n<p>Existen diferentes Mantras, enumerare algunos:<\/p>\n\n\n\n<p>* OM .- Mantra b\u00e1sico y universal, se dice que es el sonido del universo, representa la Trimurti (grupo de tres dioses).<\/p>\n\n\n\n<p>~OM MANI PADME HUM.- Mantra para acercarse con el Padre.<\/p>\n\n\n\n<p>~GATE GATE PARAGATE PARASAMGATE BODHI SWA HAI .- Mantra para calmar la mente.<\/p>\n\n\n\n<p>Se recomienda repetirlos 108 veces, rec\u00edtalo o c\u00e1ntalo desde el fondo de tu ser.<\/p>\n\n\n\n<p>Si quieres saber alg\u00fan Mantra para alguna situaci\u00f3n en especial ponte en contacto con nosotros.<\/p>\n\n\n\n<p>N\u00c1MASTE<\/p>\n\n\n\n<figure class=\"wp-block-image size-full\"><img loading=\"lazy\" decoding=\"async\" width=\"940\" height=\"788\" src=\"http:\/\/salinsolutions.mx\/irau\/wp-content\/uploads\/2022\/06\/TAYATA-OM-BEKANDZE-BEKANDZE-MAHE-BEKANDZE-RODA-SAMUDGATE-SOHA.png\" alt=\"\" class=\"wp-image-121\" srcset=\"https:\/\/salinsolutions.mx\/irau\/wp-content\/uploads\/2022\/06\/TAYATA-OM-BEKANDZE-BEKANDZE-MAHE-BEKANDZE-RODA-SAMUDGATE-SOHA.png 940w, https:\/\/salinsolutions.mx\/irau\/wp-content\/uploads\/2022\/06\/TAYATA-OM-BEKANDZE-BEKANDZE-MAHE-BEKANDZE-RODA-SAMUDGATE-SOHA-600x503.png 600w, https:\/\/salinsolutions.mx\/irau\/wp-content\/uploads\/2022\/06\/TAYATA-OM-BEKANDZE-BEKANDZE-MAHE-BEKANDZE-RODA-SAMUDGATE-SOHA-300x251.png 300w, https:\/\/salinsolutions.mx\/irau\/wp-content\/uploads\/2022\/06\/TAYATA-OM-BEKANDZE-BEKANDZE-MAHE-BEKANDZE-RODA-SAMUDGATE-SOHA-768x644.png 768w, https:\/\/salinsolutions.mx\/irau\/wp-content\/uploads\/2022\/06\/TAYATA-OM-BEKANDZE-BEKANDZE-MAHE-BEKANDZE-RODA-SAMUDGATE-SOHA-596x500.png 596w, https:\/\/salinsolutions.mx\/irau\/wp-content\/uploads\/2022\/06\/TAYATA-OM-BEKANDZE-BEKANDZE-MAHE-BEKANDZE-RODA-SAMUDGATE-SOHA-358x300.png 358w\" sizes=\"auto, (max-width: 940px) 100vw, 940px\" \/><\/figure>\n<\/div><\/div>\n\n\n\n<div class=\"wp-block-cover is-light\"><span aria-hidden=\"true\" class=\"wp-block-cover__background has-light-green-cyan-background-color has-background-dim-100 has-background-dim\"><\/span><div class=\"wp-block-cover__inner-container is-layout-flow wp-block-cover-is-layout-flow\">\n<p class=\"has-text-align-center has-large-font-size\">De la Botica del Bisabuelo<\/p>\n\n\n\n<p>La herbolar\u00eda es la medicina ancestral que a partir de ciertas propiedades que tienen las plantas ha ayudado a tratar infinidad de enfermedades<\/p>\n\n\n\n<p>En la actualidad la medicina herbal es muy aceptada y utilizada de manera nata, si te duele el estomago tomas un t\u00e9 de manzanilla, para la tos un t\u00e9 de gordolobo, para curar un golpe pomada de \u00e1rnica.<\/p>\n\n\n\n<p>Es una bondad mas que agradecerle a la madre tierra, existen innumerables libros donde nos dicen que planta nos ayuda con que s\u00edntoma, cons\u00faltalos y sigue a tu intuici\u00f3n.<\/p>\n\n\n\n<p>Recuerda siempre agradecer al ser Supremo en que tengas depositada tu Fe, por poner a tu alcance diversas formas de curar los males que afectan el bienestar de tu cuerpo f\u00edsico.<\/p>\n\n\n\n<p>Recuerda que para tener equilibrio en este plano debemos tener bien nuestro cuerpo f\u00edsico, mental y nuestra alma.<\/p>\n\n\n\n<p>NAMASTE<\/p>\n\n\n\n<figure class=\"wp-block-image size-large\"><img loading=\"lazy\" decoding=\"async\" width=\"1024\" height=\"681\" src=\"http:\/\/salinsolutions.mx\/irau\/wp-content\/uploads\/2022\/06\/spices-g2e42052b0_1920-1024x681.jpg\" alt=\"\" class=\"wp-image-123\" srcset=\"https:\/\/salinsolutions.mx\/irau\/wp-content\/uploads\/2022\/06\/spices-g2e42052b0_1920-1024x681.jpg 1024w, https:\/\/salinsolutions.mx\/irau\/wp-content\/uploads\/2022\/06\/spices-g2e42052b0_1920-600x399.jpg 600w, https:\/\/salinsolutions.mx\/irau\/wp-content\/uploads\/2022\/06\/spices-g2e42052b0_1920-300x199.jpg 300w, https:\/\/salinsolutions.mx\/irau\/wp-content\/uploads\/2022\/06\/spices-g2e42052b0_1920-768x510.jpg 768w, https:\/\/salinsolutions.mx\/irau\/wp-content\/uploads\/2022\/06\/spices-g2e42052b0_1920-1536x1021.jpg 1536w, https:\/\/salinsolutions.mx\/irau\/wp-content\/uploads\/2022\/06\/spices-g2e42052b0_1920-752x500.jpg 752w, https:\/\/salinsolutions.mx\/irau\/wp-content\/uploads\/2022\/06\/spices-g2e42052b0_1920-451x300.jpg 451w, https:\/\/salinsolutions.mx\/irau\/wp-content\/uploads\/2022\/06\/spices-g2e42052b0_1920.jpg 1920w\" sizes=\"auto, (max-width: 1024px) 100vw, 1024px\" \/><\/figure>\n<\/div><\/div>\n\n\n\n<div class=\"wp-block-cover is-light\"><span aria-hidden=\"true\" class=\"wp-block-cover__background has-luminous-vivid-amber-background-color has-background-dim-100 has-background-dim\"><\/span><div class=\"wp-block-cover__inner-container is-layout-flow wp-block-cover-is-layout-flow\">\n<p class=\"has-text-align-center has-large-font-size\">El Buen Dormir<\/p>\n\n\n\n<p>Otro punto importante para cuidar la salud energ\u00e9tica se da por las noches, a la hora de dormir.<\/p>\n\n\n\n<p>Nuestro cuerpo f\u00edsico necesita recuperarse y el tiempo en que lo hace es durante el sue\u00f1o, por lo que debemos considerar que el espacio que destinemos para dormir, debe ser como un templo, alejado de cualquier energ\u00eda negativa que pueda interferir o hacer el efecto contrario al deseado.<\/p>\n\n\n\n<p>Te damos estos consejos para conseguir el mejor resultado:<\/p>\n\n\n\n<p>*No ropa sucia, la ropa que traemos en el d\u00eda por la calle, debe de depositarse en el cesto de la lavander\u00eda sin pasar por la habitaci\u00f3n.<\/p>\n\n\n\n<p>*No malos olores, ya que estos por lo general vienen o atraen bacterias y par\u00e1sitos. Perfumala con la esencia que te corresponda seg\u00fan tu signo del zodiaco ( de venta en nuestra tiendita).<\/p>\n\n\n\n<p>*No zapatos en la habitaci\u00f3n, de no poder hacerlo por lo menos tenerlos dentro de un closet o una zapatera. Evitar que est\u00e9n cerca de la cama y sobre todo de la cabecera.<\/p>\n\n\n\n<p>*No comer, ni guardar comida en la habitaci\u00f3n.<\/p>\n\n\n\n<p>*No cenar pesado<\/p>\n\n\n\n<p>*No espejos en la habitaci\u00f3n, si lo tienes evitar que te refleje mientras duermes, si no lo puedes mover, c\u00fabrelo.<\/p>\n\n\n\n<p>*Una caminata de 15 mins. antes de dormir o realizar una meditaci\u00f3n para tener paz mental.<\/p>\n\n\n\n<p>*Se recomienda tener la cabecera de la cama hacia el norte y siempre tener un s\u00edmbolo de protecci\u00f3n en ella ( pentagrama, una imagen religiosa en la que tengas depositada tu Fe, un atrapasue\u00f1os, etc.).<\/p>\n\n\n\n<p>*Que la cama sea lo mas c\u00f3moda posible y nuestra pijama algo presentable, que vaya con nuestra personalidad.<\/p>\n\n\n\n<p>*Realizar una oraci\u00f3n para el descanso, agradeciendo siempre el d\u00eda vivido.<\/p>\n\n\n\n<p>Pract\u00edcalo y disfruta de la dicha de tener una buena salud energ\u00e9tica en todo momento, hasta en la hora de dormir.<\/p>\n\n\n\n<p>NAMASTE<\/p>\n\n\n\n<figure class=\"wp-block-image size-large\"><img loading=\"lazy\" decoding=\"async\" width=\"1024\" height=\"683\" src=\"http:\/\/salinsolutions.mx\/irau\/wp-content\/uploads\/2022\/06\/fantasy-gce7a098ff_1920-1024x683.jpg\" alt=\"\" class=\"wp-image-126\" srcset=\"https:\/\/salinsolutions.mx\/irau\/wp-content\/uploads\/2022\/06\/fantasy-gce7a098ff_1920-1024x683.jpg 1024w, https:\/\/salinsolutions.mx\/irau\/wp-content\/uploads\/2022\/06\/fantasy-gce7a098ff_1920-600x400.jpg 600w, https:\/\/salinsolutions.mx\/irau\/wp-content\/uploads\/2022\/06\/fantasy-gce7a098ff_1920-300x200.jpg 300w, https:\/\/salinsolutions.mx\/irau\/wp-content\/uploads\/2022\/06\/fantasy-gce7a098ff_1920-768x512.jpg 768w, https:\/\/salinsolutions.mx\/irau\/wp-content\/uploads\/2022\/06\/fantasy-gce7a098ff_1920-1536x1025.jpg 1536w, https:\/\/salinsolutions.mx\/irau\/wp-content\/uploads\/2022\/06\/fantasy-gce7a098ff_1920-749x500.jpg 749w, https:\/\/salinsolutions.mx\/irau\/wp-content\/uploads\/2022\/06\/fantasy-gce7a098ff_1920-450x300.jpg 450w, https:\/\/salinsolutions.mx\/irau\/wp-content\/uploads\/2022\/06\/fantasy-gce7a098ff_1920.jpg 1920w\" sizes=\"auto, (max-width: 1024px) 100vw, 1024px\" \/><\/figure>\n<\/div><\/div>\n","protected":false},"excerpt":{"rendered":"","protected":false},"author":2,"featured_media":0,"parent":0,"menu_order":0,"comment_status":"closed","ping_status":"closed","template":"","meta":{"footnotes":""},"class_list":["post-45","page","type-page","status-publish","hentry"],"_links":{"self":[{"href":"https:\/\/salinsolutions.mx\/irau\/wp-json\/wp\/v2\/pages\/45","targetHints":{"allow":["GET"]}}],"collection":[{"href":"https:\/\/salinsolutions.mx\/irau\/wp-json\/wp\/v2\/pages"}],"about":[{"href":"https:\/\/salinsolutions.mx\/irau\/wp-json\/wp\/v2\/types\/page"}],"author":[{"embeddable":true,"href":"https:\/\/salinsolutions.mx\/irau\/wp-json\/wp\/v2\/users\/2"}],"replies":[{"embeddable":true,"href":"https:\/\/salinsolutions.mx\/irau\/wp-json\/wp\/v2\/comments?post=45"}],"version-history":[{"count":6,"href":"https:\/\/salinsolutions.mx\/irau\/wp-json\/wp\/v2\/pages\/45\/revisions"}],"predecessor-version":[{"id":127,"href":"https:\/\/salinsolutions.mx\/irau\/wp-json\/wp\/v2\/pages\/45\/revisions\/127"}],"wp:attachment":[{"href":"https:\/\/salinsolutions.mx\/irau\/wp-json\/wp\/v2\/media?parent=45"}],"curies":[{"name":"wp","href":"https:\/\/api.w.org\/{rel}","templated":true}]}}