{"id":85,"date":"2022-05-25T19:45:37","date_gmt":"2022-05-25T19:45:37","guid":{"rendered":"http:\/\/salinsolutions.mx\/irau\/?page_id=85"},"modified":"2024-08-05T00:39:11","modified_gmt":"2024-08-05T00:39:11","slug":"contactanos","status":"publish","type":"page","link":"https:\/\/salinsolutions.mx\/irau\/contactanos\/","title":{"rendered":"Cont\u00e1ctanos"},"content":{"rendered":"\n<p>Mail.- info@irausaludenergetica.com<\/p>\n\n\n\n<p>Whats.- 5580359374<\/p>\n\n\n\n<p>Facebook.- Irau Salud Energ\u00e9tica<\/p>\n\n\n\n<p>Instagram.- Irau Salud Energ\u00e9tica<\/p>\n\n\n\n<p>P\u00e1gina WEB, &#8211; http:\/\/irausaludenregetica.com<\/p>\n","protected":false},"excerpt":{"rendered":"<p>Mail.- info@irausaludenergetica.com Whats.- 5580359374 Facebook.- Irau Salud Energ\u00e9tica Instagram.- Irau Salud Energ\u00e9tica P\u00e1gina WEB, &#8211; http:\/\/irausaludenregetica.com<\/p>\n","protected":false},"author":2,"featured_media":0,"parent":0,"menu_order":0,"comment_status":"closed","ping_status":"closed","template":"","meta":{"footnotes":""},"class_list":["post-85","page","type-page","status-publish","hentry"],"_links":{"self":[{"href":"https:\/\/salinsolutions.mx\/irau\/wp-json\/wp\/v2\/pages\/85","targetHints":{"allow":["GET"]}}],"collection":[{"href":"https:\/\/salinsolutions.mx\/irau\/wp-json\/wp\/v2\/pages"}],"about":[{"href":"https:\/\/salinsolutions.mx\/irau\/wp-json\/wp\/v2\/types\/page"}],"author":[{"embeddable":true,"href":"https:\/\/salinsolutions.mx\/irau\/wp-json\/wp\/v2\/users\/2"}],"replies":[{"embeddable":true,"href":"https:\/\/salinsolutions.mx\/irau\/wp-json\/wp\/v2\/comments?post=85"}],"version-history":[{"count":3,"href":"https:\/\/salinsolutions.mx\/irau\/wp-json\/wp\/v2\/pages\/85\/revisions"}],"predecessor-version":[{"id":203,"href":"https:\/\/salinsolutions.mx\/irau\/wp-json\/wp\/v2\/pages\/85\/revisions\/203"}],"wp:attachment":[{"href":"https:\/\/salinsolutions.mx\/irau\/wp-json\/wp\/v2\/media?parent=85"}],"curies":[{"name":"wp","href":"https:\/\/api.w.org\/{rel}","templated":true}]}}