{"id":9,"date":"2022-03-02T17:38:52","date_gmt":"2022-03-02T17:38:52","guid":{"rendered":"https:\/\/salinsolutions.mx\/irau\/?page_id=9"},"modified":"2024-07-25T03:00:28","modified_gmt":"2024-07-25T03:00:28","slug":"inicio","status":"publish","type":"page","link":"https:\/\/salinsolutions.mx\/irau\/inicio\/","title":{"rendered":"Hablemos de Energ\u00eda"},"content":{"rendered":"<div class=\"wp-block-image is-style-rounded\">\n<figure class=\"aligncenter size-large is-resized\"><img loading=\"lazy\" decoding=\"async\" width=\"1024\" height=\"683\" src=\"http:\/\/salinsolutions.mx\/irau\/wp-content\/uploads\/2022\/05\/brain-g36ff15da9_1920-1024x683.jpg\" alt=\"\" class=\"wp-image-20\" style=\"width:-355px;height:-236px\" srcset=\"https:\/\/salinsolutions.mx\/irau\/wp-content\/uploads\/2022\/05\/brain-g36ff15da9_1920-1024x683.jpg 1024w, https:\/\/salinsolutions.mx\/irau\/wp-content\/uploads\/2022\/05\/brain-g36ff15da9_1920-600x400.jpg 600w, https:\/\/salinsolutions.mx\/irau\/wp-content\/uploads\/2022\/05\/brain-g36ff15da9_1920-300x200.jpg 300w, https:\/\/salinsolutions.mx\/irau\/wp-content\/uploads\/2022\/05\/brain-g36ff15da9_1920-768x512.jpg 768w, https:\/\/salinsolutions.mx\/irau\/wp-content\/uploads\/2022\/05\/brain-g36ff15da9_1920-1536x1024.jpg 1536w, https:\/\/salinsolutions.mx\/irau\/wp-content\/uploads\/2022\/05\/brain-g36ff15da9_1920.jpg 1920w\" sizes=\"auto, (max-width: 1024px) 100vw, 1024px\" \/><figcaption class=\"wp-element-caption\">\u00a1NAMASTE!<\/figcaption><\/figure>\n<\/div>\n\n\n<p><strong>Somos Cuerpo, Mente y Alma<\/strong><\/p>\n\n\n\n<p>Somos una maravilla compuesta por tres elementos que no solo nos conforman, sino que nos representan, por eso es fundamental entender que de nada sirve tener aparentemente bien uno de ellos y que los otros est\u00e9n fuera de equilibrio, por ejemplo, si tenemos bloqueado uno de nuestros chakras (centro de energ\u00eda del alma), comienzan a aparecer enfermedades f\u00edsicas (cuerpo) y nuestras emociones (mente) se alteran.<\/p>\n\n\n\n<p>El alma tiene como fuente de energ\u00eda 7 chakras, ellos absorben la energ\u00eda, la procesan y asimilan seg\u00fan la frecuencia vibratoria de cada ser humano, desencadenando una respuesta fisiol\u00f3gica como parte final del proceso. Nuestro cuerpo f\u00edsico y mental es alimentado por 5 pilas energ\u00e9ticas que nutren la parte intelectual, emocional, motriz, instintiva y sexual.<\/p>\n\n\n\n<p>Cada una de ellas se alimenta de yodo biol\u00f3gico y se recargan al momento de dormir, pero para su optimo funcionamiento necesitan de ciertos cuidados que te platico a continuaci\u00f3n:<\/p>\n\n\n\n<p>*Intelectual (centro de gravedad el cerebro)- Se nutre con la lectura, 30 mins. m\u00ednimo de lectura diaria, alimenta a nuestro cerebro de la mejor manera. Alimentos ricos en omega 3 (salm\u00f3n, sardina, at\u00fan, etc.)<\/p>\n\n\n\n<p>*Emocional (centro de gravedad el plexo solar)- Te sugerimos no escuchar m\u00fasica negativa, chismes, no recibir emociones negativas, nutrelo con m\u00fasica cl\u00e1sica, mucho contacto con la naturaleza y con arte.<\/p>\n\n\n\n<p>*Centro Motor (Centro de gravedad la parte superior de la columna vertebral.- Se nutre haciendo ejercicio, se desgasta sino descubres tus limites y capacidades, di no a los excesos.<\/p>\n\n\n\n<p>*Centro Instintivo (Centro de gravedad coxis).- Se nutre teniendo buen descanso, buena alimentaci\u00f3n, higiene. Lo desgastan las adicciones y las enfermedades<\/p>\n\n\n\n<p>.*Centro Sexual (centro de gravedad gl\u00e1ndulas sexuales).- Se nutre con meditaci\u00f3n enfocada a la transmutaci\u00f3n sexual.<\/p>\n\n\n\n<p>Eres luz no dejes que nada te apague.<\/p>\n\n\n\n<div class=\"wp-block-media-text is-stacked-on-mobile\"><figure class=\"wp-block-media-text__media\"><img loading=\"lazy\" decoding=\"async\" width=\"1024\" height=\"683\" src=\"https:\/\/salinsolutions.mx\/irau\/wp-content\/uploads\/2022\/06\/mandalas-gb94acb30c_1920-1024x683.jpg\" alt=\"\" class=\"wp-image-120 size-full\" srcset=\"https:\/\/salinsolutions.mx\/irau\/wp-content\/uploads\/2022\/06\/mandalas-gb94acb30c_1920-1024x683.jpg 1024w, https:\/\/salinsolutions.mx\/irau\/wp-content\/uploads\/2022\/06\/mandalas-gb94acb30c_1920-600x400.jpg 600w, https:\/\/salinsolutions.mx\/irau\/wp-content\/uploads\/2022\/06\/mandalas-gb94acb30c_1920-300x200.jpg 300w, https:\/\/salinsolutions.mx\/irau\/wp-content\/uploads\/2022\/06\/mandalas-gb94acb30c_1920-768x512.jpg 768w, https:\/\/salinsolutions.mx\/irau\/wp-content\/uploads\/2022\/06\/mandalas-gb94acb30c_1920-1536x1024.jpg 1536w, https:\/\/salinsolutions.mx\/irau\/wp-content\/uploads\/2022\/06\/mandalas-gb94acb30c_1920-750x500.jpg 750w, https:\/\/salinsolutions.mx\/irau\/wp-content\/uploads\/2022\/06\/mandalas-gb94acb30c_1920-450x300.jpg 450w, https:\/\/salinsolutions.mx\/irau\/wp-content\/uploads\/2022\/06\/mandalas-gb94acb30c_1920.jpg 1920w\" sizes=\"auto, (max-width: 1024px) 100vw, 1024px\" \/><\/figure><div class=\"wp-block-media-text__content\">\n<p><\/p>\n<\/div><\/div>\n","protected":false},"excerpt":{"rendered":"<p>Somos Cuerpo, Mente y Alma Somos una maravilla compuesta por tres elementos que no solo nos conforman, sino que nos representan, por eso es fundamental entender que de nada sirve tener aparentemente bien uno de&hellip;<\/p>\n","protected":false},"author":2,"featured_media":0,"parent":0,"menu_order":0,"comment_status":"closed","ping_status":"closed","template":"","meta":{"footnotes":""},"class_list":["post-9","page","type-page","status-publish","hentry"],"_links":{"self":[{"href":"https:\/\/salinsolutions.mx\/irau\/wp-json\/wp\/v2\/pages\/9","targetHints":{"allow":["GET"]}}],"collection":[{"href":"https:\/\/salinsolutions.mx\/irau\/wp-json\/wp\/v2\/pages"}],"about":[{"href":"https:\/\/salinsolutions.mx\/irau\/wp-json\/wp\/v2\/types\/page"}],"author":[{"embeddable":true,"href":"https:\/\/salinsolutions.mx\/irau\/wp-json\/wp\/v2\/users\/2"}],"replies":[{"embeddable":true,"href":"https:\/\/salinsolutions.mx\/irau\/wp-json\/wp\/v2\/comments?post=9"}],"version-history":[{"count":5,"href":"https:\/\/salinsolutions.mx\/irau\/wp-json\/wp\/v2\/pages\/9\/revisions"}],"predecessor-version":[{"id":204,"href":"https:\/\/salinsolutions.mx\/irau\/wp-json\/wp\/v2\/pages\/9\/revisions\/204"}],"wp:attachment":[{"href":"https:\/\/salinsolutions.mx\/irau\/wp-json\/wp\/v2\/media?parent=9"}],"curies":[{"name":"wp","href":"https:\/\/api.w.org\/{rel}","templated":true}]}}